{"id":142,"date":"2020-07-04T16:00:36","date_gmt":"2020-07-04T16:00:36","guid":{"rendered":"http:\/\/revistaarsenioerico.com\/new\/?page_id=142"},"modified":"2020-08-05T23:15:15","modified_gmt":"2020-08-05T23:15:15","slug":"quienes-somos","status":"publish","type":"page","link":"https:\/\/revistaarsenioerico.com\/index.php\/quienes-somos\/","title":{"rendered":"Quienes Somos"},"content":{"rendered":"\n<p>La Revista Arsenio Erico se inspira en los relatos de los abuelos y de mi padre, sobre uno de los m\u00e1s grandes futbolistas que dio el f\u00fatbol paraguayo: Arsenio Erico, quien comenz\u00f3 su carrera en el club Nacional y gan\u00f3 trascendencia en el club independiente de Avellaneda, donde se convirti\u00f3 en el mejor y mayor goleador de toda la historia del f\u00fatbol argentino, hasta hoy d\u00eda nunca igualado por ning\u00fan futbolista. Mi padre sol\u00eda contar que la gente de su \u00e9poca dec\u00eda \u201cErico hacia los goles cuando quer\u00eda\u201d. \u00a0Y otras \u2026 como la de aquel famoso reportaje que un periodista le hizo en los vestuarios a un grande del f\u00fatbol argentino. El periodista le pregunto una opini\u00f3n sobre el paraguayo y este agarr\u00f3 con las manos un vaso de agua y le dijo al periodista \u201cPara hablar de Erico&#8230; hay que enjuagarse la boca compa\u00f1ero\u201d. Otro de los m\u00e1s grande futbolista del f\u00fatbol porte\u00f1o, no se cansaba en decir&#8230;que todo lo que es el&#8230;le deb\u00eda a Arsenio Erico. El grande Alfredo Di Stefano, m\u00e1s conocido como \u201cLa saeta rubia\u201d, contaba siempre que se pasaba horas y horas practicando la chilena y los cabezazos al estilo del paraguayo. En memoria de todos los abuelos de mi hermoso y entra\u00f1able pa\u00eds, en la de mi padre&#8230;que con la humildad de tener tan poco&#8230;me ha ense\u00f1ado lo mucho que pueden dar los que no tienen nada&#8230;en memoria de la gente de mi pueblo, del barrio y de todos los ni\u00f1os que hasta hoy sue\u00f1an con ser un numero 9 como el gran \u201cSaltar\u00edn Rojo de Avellaneda\u201d, el gran Arsenio Erico.A \u00e9l, \u00a0le fue dedicada la revista y \u00e9sta p\u00e1gina digital. Y a todos los que todav\u00eda sue\u00f1an con la esperanza en cualquiera de sus formas. Esto es un solo un paso, del largo camino \u00a0por recorrer. La primera edici\u00f3n impresa de la Revista Arsenio Erico, sale a la luz en el mes de septiembre de 1999. Aun recordamos aquella primera edici\u00f3n t\u00edmida y candorosa, pero con una fuerza y unas ganas de los que vienen de abajo, con impulso incontenible. A Puro Coraz\u00f3n!!&#8230; Se alimento de la esencia fundamental que nos dio vida, para seguir con vida; el apoyo de la Gente! Ese fue nuestro Alimento!!! Vinimos calladitos y con la frente alta. Seguimos humildes, claros y concisos en nuestros conceptos, honestos y abiertos a todas las necesidades primordiales de toda nuestra comunidad, nunca nuestras puertas estar\u00e1n cerradas por que odiamos los candados, las cadenas y todo lo que significa opresi\u00f3n y mordaza.<strong>Somos amigos del viento, parte del aire, del sol y del agua. De la libre expresi\u00f3n, de lo puro, de lo humano, somos parte del Arte, de la magia y Somos la maravilla que se llama f\u00fatbol. Nos debemos a la gente, al pueblo y al f\u00fatbol<\/strong>. <strong>El que calla las verdades, niega el pan al hambriento!!<\/strong> Gracias a toda la comunidad por su apoyo Incondicional.<\/p>\n\n\n\n<p><em>APOYAR A LA REVISTA ARSENIO ERICO; ES APOYAR LA CULTURA Y EL SACRIFICIO DE MILES DE COMPATRIOTAS QUE LUCHAN LEJOS DE SU PATRIA EN UN EXILIO ECON\u00d3MICO&#8230; CONTAMOS CONTIGO!!<\/em><\/p>\n\n\n\n<div class=\"wp-block-image\"><figure class=\"alignleft size-large\"><img loading=\"lazy\" width=\"94\" height=\"129\" src=\"http:\/\/revistaarsenioerico.com\/new\/wp-content\/uploads\/2020\/06\/dad-smile.jpg\" alt=\"Headshot of Domingo Ramos\" class=\"wp-image-21\"\/><\/figure><\/div>\n\n\n\n<p>Domingo Ramos<br>Editor de la Revista Arsenio Erico<\/p>\n","protected":false},"excerpt":{"rendered":"<p>La Revista Arsenio Erico se inspira en los relatos de los abuelos y de mi padre, sobre uno de los m\u00e1s grandes futbolistas que dio el f\u00fatbol paraguayo: Arsenio Erico, quien comenz\u00f3 su carrera en el club Nacional y gan\u00f3 trascendencia en el club independiente de Avellaneda, donde se convirti\u00f3 en el mejor y mayor [&hellip;]<\/p>\n","protected":false},"author":1,"featured_media":0,"parent":0,"menu_order":0,"comment_status":"closed","ping_status":"closed","template":"","meta":[],"_links":{"self":[{"href":"https:\/\/revistaarsenioerico.com\/index.php\/wp-json\/wp\/v2\/pages\/142"}],"collection":[{"href":"https:\/\/revistaarsenioerico.com\/index.php\/wp-json\/wp\/v2\/pages"}],"about":[{"href":"https:\/\/revistaarsenioerico.com\/index.php\/wp-json\/wp\/v2\/types\/page"}],"author":[{"embeddable":true,"href":"https:\/\/revistaarsenioerico.com\/index.php\/wp-json\/wp\/v2\/users\/1"}],"replies":[{"embeddable":true,"href":"https:\/\/revistaarsenioerico.com\/index.php\/wp-json\/wp\/v2\/comments?post=142"}],"version-history":[{"count":2,"href":"https:\/\/revistaarsenioerico.com\/index.php\/wp-json\/wp\/v2\/pages\/142\/revisions"}],"predecessor-version":[{"id":304,"href":"https:\/\/revistaarsenioerico.com\/index.php\/wp-json\/wp\/v2\/pages\/142\/revisions\/304"}],"wp:attachment":[{"href":"https:\/\/revistaarsenioerico.com\/index.php\/wp-json\/wp\/v2\/media?parent=142"}],"curies":[{"name":"wp","href":"https:\/\/api.w.org\/{rel}","templated":true}]}}